{"id":43,"date":"2016-05-02T13:26:15","date_gmt":"2016-05-02T11:26:15","guid":{"rendered":"http:\/\/musikverein-istein.de\/?page_id=43"},"modified":"2023-01-11T09:12:26","modified_gmt":"2023-01-11T08:12:26","slug":"repertoire","status":"publish","type":"page","link":"https:\/\/musikverein-istein.de\/?page_id=43","title":{"rendered":"Repertoire"},"content":{"rendered":"<p><span style=\"font-family: Tahoma;\"><span style=\"font-size: small;\">Unser Repertoire umfasst St\u00fccke aus alle Bereichen der Musik.<br \/>\nRock\/Pop Arrangements, M\u00e4rsche, Polkas, Originale Blasmusikkompositionen, Bearbeitungen aus Klassik, Musicals, kirchliche Musik etc. &#8230;&#8230;<br \/>\nF\u00fcr jeden Geschmack haben wir das Richtige f\u00fcr Sie dabei.<br \/>\nF\u00fcr die Auftritte w\u00e4hrend des Jahres (meist im Sommer) gibt es ein spezielles Repertoire, mit dessen St\u00fccken Fr\u00fchschoppen- sowie andere Unterhaltungskonzerte bestritten werden. Die Gro\u00dfe Mappe enth\u00e4lt dabei die normalen St\u00fccke in DIN A4. Die kleine Mappe enth\u00e4lt fast Ausschlie\u00dflich M\u00e4rsche, Walzer und Polkas oder andere St\u00fccke im Format DIN A5 oder kleiner.<\/span><\/span><\/p>\n<p><span style=\"font-family: 'Trebuchet MS'; font-size: large;\">Hier k\u00f6nnen Sie einen Blick in vergangene Konzertprogramme werfen<\/span><\/p>\n<div align=\"center\">\n<table id=\"AutoNumber1\" border=\"1\" width=\"50%\" cellspacing=\"0\" cellpadding=\"0\">\n<tbody>\n<tr>\n<td width=\"51%\" height=\"30\"><b><span style=\"font-family: Tahoma; font-size: large;\"> Jahreskonzerte<\/span><\/b><\/td>\n<td width=\"49%\" height=\"30\"><b><span style=\"font-family: Tahoma; font-size: large;\"> Kirchenkonzerte<\/span><\/b><\/td>\n<\/tr>\n<tr>\n<td width=\"51%\" height=\"30\"><\/td>\n<td width=\"49%\" height=\"30\"><span style=\"font-family: Tahoma;\"> 2003<\/span><\/td>\n<\/tr>\n<tr>\n<td width=\"51%\" height=\"30\"><span style=\"font-family: Tahoma;\"> 2004<\/span><\/td>\n<td width=\"49%\" height=\"30\"><span style=\"font-family: Tahoma;\"> 2004<\/span><\/td>\n<\/tr>\n<tr>\n<td width=\"51%\" height=\"30\"><span style=\"font-family: Tahoma;\"> 2005<\/span><\/td>\n<td width=\"49%\" height=\"30\"><span style=\"font-family: Tahoma;\"> 2005<\/span><\/td>\n<\/tr>\n<tr>\n<td width=\"51%\" height=\"30\"><span style=\"font-family: Tahoma;\"> 2006<\/span><\/td>\n<td width=\"49%\" height=\"30\"><span style=\"font-family: Tahoma;\"> 2006<\/span><\/td>\n<\/tr>\n<tr>\n<td width=\"51%\" height=\"30\"><span style=\"font-family: Tahoma;\"> 2007<\/span><\/td>\n<td width=\"49%\" height=\"30\"><span style=\"font-family: Tahoma;\"> 2007<\/span><\/td>\n<\/tr>\n<tr>\n<td width=\"51%\" height=\"30\"><span style=\"font-family: Tahoma;\"> 2008<\/span><\/td>\n<td width=\"49%\" height=\"30\"><span style=\"font-family: Tahoma;\"> 2008<\/span><\/td>\n<\/tr>\n<tr>\n<td width=\"51%\" height=\"30\"><span style=\"font-family: Tahoma;\"> 2009<\/span><\/td>\n<td width=\"49%\" height=\"30\"><b><span style=\"font-family: Tahoma;\"> 2009<\/span><\/b><\/td>\n<\/tr>\n<tr>\n<td style=\"text-align: left;\" width=\"51%\" height=\"30\"><span style=\"font-family: Tahoma;\"> 2010<\/span><\/td>\n<td width=\"49%\" height=\"30\"><a href=\"http:\/\/musikverein-istein.de\/wp-content\/uploads\/2016\/05\/Kiko-2010.pdf\">Kiko 2010<\/a><\/td>\n<\/tr>\n<tr>\n<td width=\"51%\" height=\"30\"><span style=\"font-family: Tahoma;\"> 2011<\/span><\/td>\n<td width=\"49%\" height=\"30\"><a href=\"http:\/\/musikverein-istein.de\/wp-content\/uploads\/2016\/05\/Kiko-2011.pdf\">Kiko 2011<\/a><\/td>\n<\/tr>\n<tr>\n<td width=\"51%\" height=\"30\"><b><span style=\"font-family: Tahoma;\"> 2012<\/span><\/b><\/td>\n<td width=\"49%\" height=\"30\"><a href=\"http:\/\/musikverein-istein.de\/wp-content\/uploads\/2016\/05\/Kiko-2012.pdf\">Kiko 2012<\/a><\/td>\n<\/tr>\n<tr>\n<td width=\"51%\" height=\"30\"><b><span style=\"font-family: Tahoma;\"> 2013<\/span><\/b><\/td>\n<td width=\"49%\" height=\"30\"><b><span style=\"font-family: Tahoma;\"> 2013<\/span><\/b><\/td>\n<\/tr>\n<tr>\n<td width=\"51%\" height=\"30\"><b><span style=\"font-family: Tahoma;\"> 2014<\/span><\/b><\/td>\n<td width=\"49%\" height=\"30\"><a href=\"http:\/\/musikverein-istein.de\/wp-content\/uploads\/2016\/05\/kiko-2014_versand.pdf\">kiko 2014<\/a><\/td>\n<\/tr>\n<tr>\n<td width=\"51%\" height=\"30\"><b><span style=\"font-family: Tahoma;\"> 2015<\/span><\/b><\/td>\n<td width=\"49%\" height=\"30\"><a href=\"http:\/\/musikverein-istein.de\/wp-content\/uploads\/2016\/05\/kiko-2015.pdf\" target=\"_blank\" rel=\"noopener\">kiko 2015<\/a><\/td>\n<\/tr>\n<\/tbody>\n<\/table>\n<\/div>\n","protected":false},"excerpt":{"rendered":"<p>Unser Repertoire umfasst St\u00fccke aus alle Bereichen der Musik. Rock\/Pop Arrangements, M\u00e4rsche, Polkas, Originale Blasmusikkompositionen, Bearbeitungen aus Klassik, Musicals, kirchliche Musik etc. &#8230;&#8230; F\u00fcr jeden Geschmack haben wir das Richtige f\u00fcr Sie dabei. F\u00fcr die Auftritte w\u00e4hrend des Jahres (meist &hellip; <a href=\"https:\/\/musikverein-istein.de\/?page_id=43\">Weiterlesen <span class=\"meta-nav\">&rarr;<\/span><\/a><\/p>\n","protected":false},"author":1,"featured_media":0,"parent":0,"menu_order":4,"comment_status":"closed","ping_status":"closed","template":"","meta":{"footnotes":""},"class_list":["post-43","page","type-page","status-publish","hentry"],"_links":{"self":[{"href":"https:\/\/musikverein-istein.de\/index.php?rest_route=\/wp\/v2\/pages\/43","targetHints":{"allow":["GET"]}}],"collection":[{"href":"https:\/\/musikverein-istein.de\/index.php?rest_route=\/wp\/v2\/pages"}],"about":[{"href":"https:\/\/musikverein-istein.de\/index.php?rest_route=\/wp\/v2\/types\/page"}],"author":[{"embeddable":true,"href":"https:\/\/musikverein-istein.de\/index.php?rest_route=\/wp\/v2\/users\/1"}],"replies":[{"embeddable":true,"href":"https:\/\/musikverein-istein.de\/index.php?rest_route=%2Fwp%2Fv2%2Fcomments&post=43"}],"version-history":[{"count":7,"href":"https:\/\/musikverein-istein.de\/index.php?rest_route=\/wp\/v2\/pages\/43\/revisions"}],"predecessor-version":[{"id":777,"href":"https:\/\/musikverein-istein.de\/index.php?rest_route=\/wp\/v2\/pages\/43\/revisions\/777"}],"wp:attachment":[{"href":"https:\/\/musikverein-istein.de\/index.php?rest_route=%2Fwp%2Fv2%2Fmedia&parent=43"}],"curies":[{"name":"wp","href":"https:\/\/api.w.org\/{rel}","templated":true}]}}