{"id":36,"date":"2016-05-02T11:45:34","date_gmt":"2016-05-02T09:45:34","guid":{"rendered":"http:\/\/musikverein-istein.de\/?page_id=36"},"modified":"2025-04-14T15:43:06","modified_gmt":"2025-04-14T13:43:06","slug":"dirigent","status":"publish","type":"page","link":"https:\/\/musikverein-istein.de\/?page_id=36","title":{"rendered":"Dirigent"},"content":{"rendered":"\n<p>Hier finden Sie eine \u00dcbersicht \u00fcber alle Dirigenten die im Laufe der Jahre bei uns t\u00e4tig waren. <br>Im Dezember 2019 \u00fcbernahm Thomas Schmid als Vizedirigent vor\u00fcbergehend die Leitung des Vereins. Im Oktober 2020 hat er die Stelle offiziell \u00fcbernommen.<\/p>\n\n\n\n<p>Thomas Schmid ist ein Eigengew\u00e4chs des MV Istein. Er arbeitet als Schlagzeuglehrer und Dirigent in der Region. Aktuell ist er ebenfalls musikalischer Leiter der Stadtmusik Zell, dem Musikvereinen Tegernau sowie dem Musikverein Minseln. <\/p>\n\n\n\n<figure class=\"wp-block-table\"><table><tbody><tr><td>seit 12\/2019<\/td><td>Thomas Schmid, Istein<\/td><\/tr><tr><td>02\/2015 &#8211; 12\/2019<\/td><td>Daniel Moroso (F)<\/td><\/tr><tr><td>bis 02\/ 2015<\/td><td>Roger Andres (CH) bis 01 &#8211; 02\/2015<\/td><\/tr><tr><td>2005 &#8211; 2014<\/td><td>Thomas Moritz, Obereggenen<\/td><\/tr><tr><td>1992 &#8211; 2004<\/td><td>Stephan Jourdan, Istein (2004 Ehrendirigent)<\/td><\/tr><tr><td>1991 &#8211; 1992<\/td><td>Harald Andris, Weil a.Rh.<\/td><\/tr><tr><td>1987 &#8211; 1990<\/td><td>Gerhard Schwab, Wettelbrunn<\/td><\/tr><tr><td>1970 &#8211; 1987<\/td><td>Paul Fischer, L\u00f6rrach<\/td><\/tr><tr><td>1970 &#8211; 1971<\/td><td>Willi Jourdan, Istein<\/td><\/tr><tr><td>1969 &#8211; 1970<\/td><td>Dieter Keser, Weil a.Rh.<\/td><\/tr><tr><td>1958 &#8211; 1969<\/td><td>Wilhelm Fahrenfeld, Weil a.Rh. (1969 Ehrendirigent)<\/td><\/tr><tr><td>1953 &#8211; 1958<\/td><td>Alfred Faller, Haltingen<\/td><\/tr><tr><td>1950 &#8211; 1953<\/td><td>Roessiger (Lehrer), Istein<\/td><\/tr><tr><td>1948 &#8211; 1950<\/td><td>Oskar Jourdan (1950 Ehrendirigent)<\/td><\/tr><tr><td>1946 &#8211; 1948<\/td><td>Joseph Ruch, Istein<\/td><\/tr><tr><td>1946<\/td><td>Wilhelm Woetzel, Istein<\/td><\/tr><tr><td><\/td><td><\/td><\/tr><tr><td>2. Weltkrieg<\/td><td><\/td><\/tr><tr><td><\/td><td><\/td><\/tr><tr><td>1938 &#8211; 1939<\/td><td>G\u00fcnther Hartwig, L\u00f6rrach (gefallen 1942)<\/td><\/tr><tr><td>1923 &#8211; 1938<\/td><td>Caesare Thalamona, Basel<\/td><\/tr><tr><td>1922<\/td><td>Gustav Georgi, Istein<\/td><\/tr><tr><td>1921<\/td><td>Stoll (unbekannt)<\/td><\/tr><tr><td>1920<\/td><td>Gruss, Fischingen<\/td><\/tr><tr><td>1919 &#8211; 1920<\/td><td>Ludwig Rabus<\/td><\/tr><tr><td><\/td><td><\/td><\/tr><tr><td>1. Weltkrieg<\/td><td><\/td><\/tr><tr><td><\/td><td><\/td><\/tr><tr><td>1911 &#8211; 1914<\/td><td>Caesare Thalamona, Basel<\/td><\/tr><tr><td>1910 &#8211; 1911<\/td><td>Schmiedke, Basel<\/td><\/tr><tr><td>1909 &#8211; 1910<\/td><td>Lothmann, M\u00fcllheim<\/td><\/tr><tr><td>1909<\/td><td>Dehner, Basel<\/td><\/tr><tr><td>1907 &#8211; 1909<\/td><td>Ludwig Rabus, Istein<\/td><\/tr><\/tbody><\/table><\/figure>\n","protected":false},"excerpt":{"rendered":"<p>Hier finden Sie eine \u00dcbersicht \u00fcber alle Dirigenten die im Laufe der Jahre bei uns t\u00e4tig waren. Im Dezember 2019 \u00fcbernahm Thomas Schmid als Vizedirigent vor\u00fcbergehend die Leitung des Vereins. Im Oktober 2020 hat er die Stelle offiziell \u00fcbernommen. Thomas &hellip; <a href=\"https:\/\/musikverein-istein.de\/?page_id=36\">Weiterlesen <span class=\"meta-nav\">&rarr;<\/span><\/a><\/p>\n","protected":false},"author":1,"featured_media":0,"parent":0,"menu_order":6,"comment_status":"closed","ping_status":"closed","template":"","meta":{"footnotes":""},"class_list":["post-36","page","type-page","status-publish","hentry"],"_links":{"self":[{"href":"https:\/\/musikverein-istein.de\/index.php?rest_route=\/wp\/v2\/pages\/36","targetHints":{"allow":["GET"]}}],"collection":[{"href":"https:\/\/musikverein-istein.de\/index.php?rest_route=\/wp\/v2\/pages"}],"about":[{"href":"https:\/\/musikverein-istein.de\/index.php?rest_route=\/wp\/v2\/types\/page"}],"author":[{"embeddable":true,"href":"https:\/\/musikverein-istein.de\/index.php?rest_route=\/wp\/v2\/users\/1"}],"replies":[{"embeddable":true,"href":"https:\/\/musikverein-istein.de\/index.php?rest_route=%2Fwp%2Fv2%2Fcomments&post=36"}],"version-history":[{"count":7,"href":"https:\/\/musikverein-istein.de\/index.php?rest_route=\/wp\/v2\/pages\/36\/revisions"}],"predecessor-version":[{"id":888,"href":"https:\/\/musikverein-istein.de\/index.php?rest_route=\/wp\/v2\/pages\/36\/revisions\/888"}],"wp:attachment":[{"href":"https:\/\/musikverein-istein.de\/index.php?rest_route=%2Fwp%2Fv2%2Fmedia&parent=36"}],"curies":[{"name":"wp","href":"https:\/\/api.w.org\/{rel}","templated":true}]}}