{"id":27,"date":"2016-05-02T11:21:56","date_gmt":"2016-05-02T09:21:56","guid":{"rendered":"http:\/\/musikverein-istein.de\/?page_id=27"},"modified":"2026-03-01T11:03:55","modified_gmt":"2026-03-01T10:03:55","slug":"die-vorstandschaft","status":"publish","type":"page","link":"https:\/\/musikverein-istein.de\/?page_id=27","title":{"rendered":"Die Vorstandschaft"},"content":{"rendered":"\n<figure class=\"wp-block-image size-large\"><img loading=\"lazy\" decoding=\"async\" width=\"1024\" height=\"768\" src=\"https:\/\/musikverein-istein.de\/wp-content\/uploads\/2026\/03\/Vorstandschaft-GV-2026-1024x768.jpg\" alt=\"\" class=\"wp-image-940\" srcset=\"https:\/\/musikverein-istein.de\/wp-content\/uploads\/2026\/03\/Vorstandschaft-GV-2026-1024x768.jpg 1024w, https:\/\/musikverein-istein.de\/wp-content\/uploads\/2026\/03\/Vorstandschaft-GV-2026-300x225.jpg 300w, https:\/\/musikverein-istein.de\/wp-content\/uploads\/2026\/03\/Vorstandschaft-GV-2026-768x576.jpg 768w, https:\/\/musikverein-istein.de\/wp-content\/uploads\/2026\/03\/Vorstandschaft-GV-2026-1536x1152.jpg 1536w, https:\/\/musikverein-istein.de\/wp-content\/uploads\/2026\/03\/Vorstandschaft-GV-2026-2048x1536.jpg 2048w, https:\/\/musikverein-istein.de\/wp-content\/uploads\/2026\/03\/Vorstandschaft-GV-2026-400x300.jpg 400w\" sizes=\"auto, (max-width: 1024px) 100vw, 1024px\" \/><\/figure>\n\n\n\n<p>Von links n.rechts: Anna R\u00fchl, Birger St\u00e4chele, Stephan Windm\u00fcller, Stefanie Oehlbach, Thomas Schmid (Foto: Anita Indri Werner)<\/p>\n\n\n<p>Ein starkes Team!<\/p>\n<p>1. Vorstand<br \/>derzeit nicht besetzt<br \/>1.Vorstand@musikverein-istein.de<\/p>\n<p>Orchestervorstand<br \/>Stephan Windm\u00fcller<br \/>Neue Stra\u00dfe 56\/2<br \/>79588 Istein<br \/>Orchestervorstand@musikverein-istein.de<\/p>\n<p>Kassierer<br \/>Birger St\u00e4chele<br \/>Kassierer@musikverein-istein.de<\/p>\n<p>Schriftf\u00fchrer<br \/>Stephan Jourdan<br \/>Schriftfuehrer@musikverein-Istein.de<\/p>\n<p>Jugendvorstand<br \/>Anna R\u00fchl<br \/>Jugend@musikverein-istein.de<\/p>\n<p>Instrumenten- &amp; Uniformwart<br \/>Stefanie Hugenschmidt<\/p>\n<p>Notenwart<br \/>Thomas Schmid<\/p>\n<p>\u00a0<\/p>\n\n\n<p>Die bisherigen Vorst\u00e4nde des MVI<\/p>\n\n\n\n<p class=\"has-text-align-left\">2023 \u2013 2026 Birger St\u00e4chele<br>2013 \u2013 2023 Stephan Windm\u00fcller<br>2006 \u2013 2013 Thomas Schmid<br>2001 \u2013 2006 Roland Schr\u00f6der<br>1993 \u2013 2001 Michael Schittenhelm<br>1990 \u2013 1993 Markus Flury<br>1983 \u2013 1990 Dieter Schillinger<br>1968 \u2013 1983 Kurt M\u00fcller<br>1963 \u2013 1968 Werner Trimpin<br>1960 \u2013 1963 Hans Peter Gimbel<br>1958 \u2013 1960 Joseph Ruch<br>1956 \u2013 1958 Konrad Schr\u00f6der<br>1946 \u2013 1956 Karl Trimpin jr.<\/p>\n\n\n\n<p>2. Weltkrieg<br>1938-1939 Joseph Schmid (Basilius)<br>1926 \u2013 1938 Karl Trimpin sen. (ab 1938 Ehrenpr\u00e4sident)<br>1926 Peter Br\u00e4ndlin (Lukas)<br>1923 \u2013 1926 Karl Trimpin sen.<br>1922 Paul Br\u00e4ndlin (Gustav)<br>1920 \u2013 1921 Nepomuk Bollinger<br>1920 Alberto Arvasi sen.<br>1919 \u2013 1920 Emil Br\u00e4ndlin (Els\u00e4sser)<\/p>\n\n\n\n<p>1. Weltkrieg<br>1910 \u2013 1914 Robert Els\u00e4sser<br>1907 \u2013 1910 Ludwig Rabus<\/p>\n","protected":false},"excerpt":{"rendered":"<p>Von links n.rechts: Anna R\u00fchl, Birger St\u00e4chele, Stephan Windm\u00fcller, Stefanie Oehlbach, Thomas Schmid (Foto: Anita Indri Werner) Ein starkes Team! 1. Vorstandderzeit nicht besetzt1.Vorstand@musikverein-istein.de OrchestervorstandStephan Windm\u00fcllerNeue Stra\u00dfe 56\/279588 IsteinOrchestervorstand@musikverein-istein.de KassiererBirger St\u00e4cheleKassierer@musikverein-istein.de Schriftf\u00fchrerStephan JourdanSchriftfuehrer@musikverein-Istein.de JugendvorstandAnna R\u00fchlJugend@musikverein-istein.de Instrumenten- &amp; UniformwartStefanie Hugenschmidt NotenwartThomas &hellip; <a href=\"https:\/\/musikverein-istein.de\/?page_id=27\">Weiterlesen <span class=\"meta-nav\">&rarr;<\/span><\/a><\/p>\n","protected":false},"author":1,"featured_media":0,"parent":0,"menu_order":3,"comment_status":"closed","ping_status":"closed","template":"","meta":{"footnotes":""},"class_list":["post-27","page","type-page","status-publish","hentry"],"_links":{"self":[{"href":"https:\/\/musikverein-istein.de\/index.php?rest_route=\/wp\/v2\/pages\/27","targetHints":{"allow":["GET"]}}],"collection":[{"href":"https:\/\/musikverein-istein.de\/index.php?rest_route=\/wp\/v2\/pages"}],"about":[{"href":"https:\/\/musikverein-istein.de\/index.php?rest_route=\/wp\/v2\/types\/page"}],"author":[{"embeddable":true,"href":"https:\/\/musikverein-istein.de\/index.php?rest_route=\/wp\/v2\/users\/1"}],"replies":[{"embeddable":true,"href":"https:\/\/musikverein-istein.de\/index.php?rest_route=%2Fwp%2Fv2%2Fcomments&post=27"}],"version-history":[{"count":14,"href":"https:\/\/musikverein-istein.de\/index.php?rest_route=\/wp\/v2\/pages\/27\/revisions"}],"predecessor-version":[{"id":941,"href":"https:\/\/musikverein-istein.de\/index.php?rest_route=\/wp\/v2\/pages\/27\/revisions\/941"}],"wp:attachment":[{"href":"https:\/\/musikverein-istein.de\/index.php?rest_route=%2Fwp%2Fv2%2Fmedia&parent=27"}],"curies":[{"name":"wp","href":"https:\/\/api.w.org\/{rel}","templated":true}]}}